{"id":263,"date":"2021-04-20T10:22:12","date_gmt":"2021-04-20T10:22:12","guid":{"rendered":"http:\/\/182.74.129.6\/demo\/ext-marketing\/masseyhenry\/?page_id=263"},"modified":"2025-09-26T13:40:47","modified_gmt":"2025-09-26T17:40:47","slug":"executive-search-and-recruitment","status":"publish","type":"page","link":"https:\/\/masseyhenry.com\/fr\/executive-search-and-recruitment\/","title":{"rendered":"Recherche de cadres"},"content":{"rendered":"<p><div class=\"et_d4_element et_pb_section et_pb_section_0 subpage-top et_pb_section_parallax  et_pb_css_mix_blend_mode et_section_regular et_block_section\" >\n\t\t\t\t\n\t\t\t\t\n\t\t\t\t\n\t\t\t\t\n\t\t\t\t\n\t\t\t\t\n\t\t\t\t<div class=\"et_d4_element et_pb_row et_pb_row_0  et_pb_css_mix_blend_mode et_block_row\">\n\t\t\t\t<div class=\"et_d4_element et_pb_column_3_5 et_pb_column et_pb_column_0  et_pb_css_mix_blend_mode et_block_column\">\n\t\t\t\t\n\t\t\t\t\n\t\t\t\t\n\t\t\t\t\n\t\t\t\t<div class=\"et_pb_module et_d4_element et_pb_text et_pb_text_0 et_animated  et_pb_text_align_left et_pb_bg_layout_light\">\n\t\t\t\t\n\t\t\t\t\n\t\t\t\t\n\t\t\t\t\n\t\t\t\t<div class=\"et_pb_text_inner\"><h1>Commencez plus intelligemment,<br \/>avancez plus rapidement<\/h1><\/div>\n\t\t\t<\/div><div class=\"et_pb_module et_d4_element et_pb_text et_pb_text_1 et_animated  et_pb_text_align_left et_pb_bg_layout_light\">\n\t\t\t\t\n\t\t\t\t\n\t\t\t\t\n\t\t\t\t\n\t\t\t\t<div class=\"et_pb_text_inner\">Nos experts en recherche de cadres ont fait leurs preuves dans le cadre de partenariats avec des organisations afin de constituer leurs \u00e9quipes avec des leaders transformationnels. Nous nous concentrons sur les missions critiques, urgentes et complexes, lorsque le temps est compt\u00e9 et que l'acc\u00e8s \u00e0 des talents exceptionnels et de grande valeur est essentiel. <strong>.<\/strong> .<\/p>\n<p>La collaboration est la pierre angulaire de notre approche. Nous bouleversons la culture rigide des cabinets de recrutement traditionnels en proposant \u00e0 nos clients un processus de recherche ouvert, transparent et collaboratif qui permet d'avancer rapidement et de trouver les bons talents.<\/div>\n\t\t\t<\/div>\n\t\t\t<\/div><div class=\"et_d4_element et_pb_column_2_5 et_pb_column et_pb_column_1  et_pb_css_mix_blend_mode et-last-child et_block_column et_pb_column_empty\">\n\t\t\t\t\n\t\t\t\t\n\t\t\t\t\n\t\t\t\t\n\t\t\t\t\n\t\t\t<\/div>\n\t\t\t\t\n\t\t\t\t\n\t\t\t\t\n\t\t\t\t\n\t\t\t<\/div><div class=\"et_d4_element et_pb_row et_pb_row_1 executive-circle  et_pb_css_mix_blend_mode et_block_row\">\n\t\t\t\t<div class=\"et_d4_element et_pb_column_3_5 et_pb_column et_pb_column_2 et_animated  et_pb_css_mix_blend_mode et_block_column\">\n\t\t\t\t\n\t\t\t\t\n\t\t\t\t\n\t\t\t\t\n\t\t\t\t<div class=\"et_pb_module et_d4_element et_pb_image et_pb_image_0 et_animated et-waypoint\">\n\t\t\t\t\n\t\t\t\t\n\t\t\t\t\n\t\t\t\t\n\t\t\t\t<span class=\"et_pb_image_wrap\"><img loading=\"lazy\" decoding=\"async\" width=\"666\" height=\"333\" src=\"https:\/\/masseyhenry.com\/wp-content\/uploads\/2021\/05\/executive-2.png\" alt=\"\" title=\"executive-2\" srcset=\"https:\/\/masseyhenry.com\/wp-content\/uploads\/2021\/05\/executive-2.png 666w, https:\/\/masseyhenry.com\/wp-content\/uploads\/2021\/05\/executive-2-480x240.png 480w\" sizes=\"(min-width: 0px) and (max-width: 480px) 480px, (min-width: 481px) 666px, 100vw\" class=\"wp-image-1284\" \/><\/span>\n\t\t\t<\/div>\n\t\t\t<\/div><div class=\"et_d4_element et_pb_column_2_5 et_pb_column et_pb_column_3 et_animated  et_pb_css_mix_blend_mode et-last-child et_block_column\">\n\t\t\t\t\n\t\t\t\t\n\t\t\t\t\n\t\t\t\t\n\t\t\t\t<div class=\"et_pb_module et_d4_element et_pb_image et_pb_image_1 executive-right et_animated et-waypoint\">\n\t\t\t\t\n\t\t\t\t\n\t\t\t\t\n\t\t\t\t\n\t\t\t\t<span class=\"et_pb_image_wrap\"><img loading=\"lazy\" decoding=\"async\" width=\"570\" height=\"542\" src=\"https:\/\/masseyhenry.com\/wp-content\/uploads\/2021\/05\/executive-1.png\" alt=\"\" title=\"executive-1\" srcset=\"https:\/\/masseyhenry.com\/wp-content\/uploads\/2021\/05\/executive-1.png 570w, https:\/\/masseyhenry.com\/wp-content\/uploads\/2021\/05\/executive-1-480x456.png 480w\" sizes=\"(min-width: 0px) and (max-width: 480px) 480px, (min-width: 481px) 570px, 100vw\" class=\"wp-image-1282\" \/><\/span>\n\t\t\t<\/div>\n\t\t\t<\/div>\n\t\t\t\t\n\t\t\t\t\n\t\t\t\t\n\t\t\t\t\n\t\t\t<\/div><div class=\"et_d4_element et_pb_row et_pb_row_2 executive-circle-mob  et_pb_css_mix_blend_mode et_block_row\">\n\t\t\t\t<div class=\"et_d4_element et_pb_column_4_4 et_pb_column et_pb_column_4 et_animated  et_pb_css_mix_blend_mode et-last-child et_block_column\">\n\t\t\t\t\n\t\t\t\t\n\t\t\t\t\n\t\t\t\t\n\t\t\t\t<div class=\"et_pb_module et_d4_element et_pb_image et_pb_image_2 et_animated et-waypoint\">\n\t\t\t\t\n\t\t\t\t\n\t\t\t\t\n\t\t\t\t\n\t\t\t\t<span class=\"et_pb_image_wrap\"><img loading=\"lazy\" decoding=\"async\" width=\"2586\" height=\"1320\" src=\"https:\/\/masseyhenry.com\/wp-content\/uploads\/2021\/04\/img11.png\" alt=\"\" title=\"img11\" srcset=\"https:\/\/masseyhenry.com\/wp-content\/uploads\/2021\/04\/img11.png 2586w, https:\/\/masseyhenry.com\/wp-content\/uploads\/2021\/04\/img11-1280x653.png 1280w, https:\/\/masseyhenry.com\/wp-content\/uploads\/2021\/04\/img11-980x500.png 980w, https:\/\/masseyhenry.com\/wp-content\/uploads\/2021\/04\/img11-480x245.png 480w\" sizes=\"(min-width: 0px) and (max-width: 480px) 480px, (min-width: 481px) and (max-width: 980px) 980px, (min-width: 981px) and (max-width: 1280px) 1280px, (min-width: 1281px) 2586px, 100vw\" class=\"wp-image-289\" \/><\/span>\n\t\t\t<\/div>\n\t\t\t<\/div>\n\t\t\t\t\n\t\t\t\t\n\t\t\t\t\n\t\t\t\t\n\t\t\t<\/div>\n\t\t\t\t\n\t\t\t\t\n\t\t\t<\/div><div id=\"advanced-technology\" class=\"et_d4_element et_pb_section et_pb_section_1  et_pb_css_mix_blend_mode et_section_regular et_block_section\" >\n\t\t\t\t\n\t\t\t\t\n\t\t\t\t\n\t\t\t\t\n\t\t\t\t\n\t\t\t\t\n\t\t\t\t<div class=\"et_d4_element et_pb_row et_pb_row_3  et_pb_css_mix_blend_mode et_block_row\">\n\t\t\t\t<div class=\"et_d4_element et_pb_column_1_4 et_pb_column et_pb_column_5  et_pb_css_mix_blend_mode et_block_column et_pb_column_empty\">\n\t\t\t\t\n\t\t\t\t\n\t\t\t\t\n\t\t\t\t\n\t\t\t\t\n\t\t\t<\/div><div class=\"et_d4_element et_pb_column_3_4 et_pb_column et_pb_column_6  et_pb_css_mix_blend_mode et-last-child et_block_column\">\n\t\t\t\t\n\t\t\t\t\n\t\t\t\t\n\t\t\t\t\n\t\t\t\t<div class=\"et_pb_module et_d4_element et_pb_text et_pb_text_2 et_animated  et_pb_text_align_left et_pb_bg_layout_light\">\n\t\t\t\t\n\t\t\t\t\n\t\t\t\t\n\t\t\t\t\n\t\t\t\t<div class=\"et_pb_text_inner\"><h2 class=\"translation-block\">Technologie avanc\u00e9e+\nexpertise sectorielle approfondie<\/h2><\/div>\n\t\t\t<\/div>\n\t\t\t<\/div>\n\t\t\t\t\n\t\t\t\t\n\t\t\t\t\n\t\t\t\t\n\t\t\t<\/div>\n\t\t\t\t\n\t\t\t\t\n\t\t\t<\/div><div id=\"advanced-technology-columns\" class=\"et_d4_element et_pb_section et_pb_section_2  et_pb_css_mix_blend_mode et_section_specialty et_block_section\" >\n\t\t\t\t\n\t\t\t\t\n\t\t\t\t\n\t\t\t\t\n\t\t\t\t\n\t\t\t\t<div class=\"et_pb_row et_block_row et_d4_element\">\n\t\t\t\t<div class=\"et_d4_element et_pb_column_1_4 et_pb_column et_pb_column_7    et_pb_css_mix_blend_mode et_block_column et_pb_column_empty\">\n\t\t\t\t\n\t\t\t\t\n\t\t\t\t\n\t\t\t\t\n\t\t\t\t\n\t\t\t<\/div><div class=\"et_d4_element et_pb_column_3_4 et_pb_column et_pb_column_8   et_pb_specialty_column  et_pb_css_mix_blend_mode et-last-child et_block_column\">\n\t\t\t\t\n\t\t\t\t\n\t\t\t\t\n\t\t\t\t\n\t\t\t\t<div class=\"et_d4_element et_pb_row_inner et_pb_row_inner_0 tri-col  et_pb_css_mix_blend_mode et_block_row\">\n\t\t\t\t<div class=\"et_pb_column et_pb_column_2_9 et_d4_element et_pb_column_inner et_pb_column_inner_0  et_pb_css_mix_blend_mode et_block_column\">\n\t\t\t\t\n\t\t\t\t\n\t\t\t\t\n\t\t\t\t\n\t\t\t\t<div class=\"et_pb_with_border et_pb_module et_d4_element et_pb_text et_pb_text_3 et_animated  et_pb_text_align_left et_pb_bg_layout_light\">\n\t\t\t\t\n\t\t\t\t\n\t\t\t\t\n\t\t\t\t\n\t\t\t\t<div class=\"et_pb_text_inner\"><p class=\"translation-block\">Entrez en contact avec les meilleurs candidats possibles dans des organisations de premier plan partout au Canada.<\/p><\/div>\n\t\t\t<\/div>\n\t\t\t<\/div><div class=\"et_pb_column et_pb_column_2_9 et_d4_element et_pb_column_inner et_pb_column_inner_1  et_pb_css_mix_blend_mode et_block_column\">\n\t\t\t\t\n\t\t\t\t\n\t\t\t\t\n\t\t\t\t\n\t\t\t\t<div class=\"et_pb_with_border et_pb_module et_d4_element et_pb_text et_pb_text_4 et_animated  et_pb_text_align_left et_pb_bg_layout_light\">\n\t\t\t\t\n\t\t\t\t\n\t\t\t\t\n\t\t\t\t\n\t\t\t\t<div class=\"et_pb_text_inner\">Excellez gr\u00e2ce \u00e0 un processus d'engagement collaboratif et transparent utilisant des outils num\u00e9riques am\u00e9lior\u00e9s pour identifier les candidats qualifi\u00e9s ayant la bonne ad\u00e9quation organisationnelle.<\/div>\n\t\t\t<\/div>\n\t\t\t<\/div><div class=\"et_pb_column et_pb_column_2_9 et_d4_element et_pb_column_inner et_pb_column_inner_2  et_pb_css_mix_blend_mode et-last-child et_block_column\">\n\t\t\t\t\n\t\t\t\t\n\t\t\t\t\n\t\t\t\t\n\t\t\t\t<div class=\"et_pb_with_border et_pb_module et_d4_element et_pb_text et_pb_text_5 et_animated  et_pb_text_align_left et_pb_bg_layout_light\">\n\t\t\t\t\n\t\t\t\t\n\t\t\t\t\n\t\t\t\t\n\t\t\t\t<div class=\"et_pb_text_inner\">Acc\u00e9l\u00e9rez le recrutement en utilisant les derni\u00e8res solutions d'intelligence artificielle pour identifier les meilleurs talents parmi un bassin diversifi\u00e9 de candidats.<\/div>\n\t\t\t<\/div>\n\t\t\t<\/div>\n\t\t\t\t\n\t\t\t\t\n\t\t\t\t\n\t\t\t\t\n\t\t\t<\/div><div class=\"et_d4_element et_pb_row_inner et_pb_row_inner_1 text-center  et_pb_css_mix_blend_mode et_block_row\">\n\t\t\t\t<div class=\"et_pb_column et_pb_column_4_4 et_d4_element et_pb_column_inner et_pb_column_inner_3  et_pb_css_mix_blend_mode et-last-child et_block_column\">\n\t\t\t\t\n\t\t\t\t\n\t\t\t\t\n\t\t\t\t\n\t\t\t\t<div class=\"et_pb_module et_d4_element et_pb_text et_pb_text_6 theme-btn et_animated  et_pb_text_align_left et_pb_bg_layout_light\">\n\t\t\t\t\n\t\t\t\t\n\t\t\t\t\n\t\t\t\t\n\t\t\t\t<div class=\"et_pb_text_inner\"><p style=\"text-align: center;\"><a href=\"mailto:info@masseyhenry.com\">Commencez votre recherche<\/a><\/p><\/div>\n\t\t\t<\/div><div class=\"et_pb_module et_d4_element et_pb_text et_pb_text_7 et_animated  et_pb_text_align_left et_pb_bg_layout_light\">\n\t\t\t\t\n\t\t\t\t\n\t\t\t\t\n\t\t\t\t\n\t\t\t\t<div class=\"et_pb_text_inner\"><h4 class=\"translation-block\">Les solutions rationalis\u00e9es d'acquisition de talents peuvent r\u00e9duire le processus de recrutement des cadres de 30 \u00e0 50 %.<\/h4><\/div>\n\t\t\t<\/div>\n\t\t\t<\/div>\n\t\t\t\t\n\t\t\t\t\n\t\t\t\t\n\t\t\t\t\n\t\t\t<\/div>\n\t\t\t<\/div>\n\t\t\t\t<\/div>\n\t\t\t\t\n\t\t\t<\/div><div class=\"et_d4_element et_pb_section et_pb_section_3 et_pb_with_background  et_pb_css_mix_blend_mode et_section_regular et_block_section\" >\n\t\t\t\t\n\t\t\t\t\n\t\t\t\t\n\t\t\t\t\n\t\t\t\t\n\t\t\t\t\n\t\t\t\t<div class=\"et_d4_element et_pb_row et_pb_row_4  et_pb_css_mix_blend_mode et_block_row\">\n\t\t\t\t<div class=\"et_d4_element et_pb_column_4_4 et_pb_column et_pb_column_9  et_pb_css_mix_blend_mode et-last-child et_block_column\">\n\t\t\t\t\n\t\t\t\t\n\t\t\t\t\n\t\t\t\t\n\t\t\t\t<div class=\"et_pb_module et_d4_element et_pb_text et_pb_text_8 et_animated  et_pb_text_align_center et_pb_bg_layout_light\">\n\t\t\t\t\n\t\t\t\t\n\t\t\t\t\n\t\t\t\t\n\t\t\t\t<div class=\"et_pb_text_inner\"><h3>De meilleurs r\u00e9sultats en moins de temps<\/h3>\n<p>Nous proposons une solution de recrutement de cadres cl\u00e9s en main qui offre une exp\u00e9rience de collaboration haut de gamme, en int\u00e9grant de mani\u00e8re transparente le processus de recherche dans votre flux de travail quotidien.<\/div>\n\t\t\t<\/div>\n\t\t\t<\/div>\n\t\t\t\t\n\t\t\t\t\n\t\t\t\t\n\t\t\t\t\n\t\t\t<\/div>\n\t\t\t\t\n\t\t\t\t\n\t\t\t<\/div><div id=\"better-results\" class=\"et_d4_element et_pb_section et_pb_section_4 et_pb_with_background  et_pb_css_mix_blend_mode et_section_regular et_block_section\" >\n\t\t\t\t\n\t\t\t\t\n\t\t\t\t\n\t\t\t\t\n\t\t\t\t\n\t\t\t\t\n\t\t\t\t<div class=\"et_d4_element et_pb_row et_pb_row_5 text-center et_pb_gutters1  et_pb_css_mix_blend_mode et_block_row\">\n\t\t\t\t<div class=\"et_d4_element et_pb_column_1_4 et_pb_column et_pb_column_10 et_animated  et_pb_css_mix_blend_mode et_block_column\">\n\t\t\t\t\n\t\t\t\t\n\t\t\t\t\n\t\t\t\t\n\t\t\t\t<div class=\"et_pb_module et_d4_element et_pb_text et_pb_text_9  et_pb_text_align_center et_pb_bg_layout_light\">\n\t\t\t\t\n\t\t\t\t\n\t\t\t\t\n\t\t\t\t\n\t\t\t\t<div class=\"et_pb_text_inner\"><h2>1<\/h2>\n<h6 class=\"translation-block\">Des plateformes intuitives<\/h6>\n<p>Int\u00e9grez votre \u00e9quipe de d\u00e9cision dans un espace de travail personnalis\u00e9 d\u00e9di\u00e9 au processus de recrutement des cadres (d\u00e9velopp\u00e9 par Howspace) et augmentez les examens manuels avec un moteur de recherche bas\u00e9 sur l'IA (d\u00e9velopp\u00e9 par Thrive).<\/div>\n\t\t\t<\/div>\n\t\t\t<\/div><div class=\"et_d4_element et_pb_column_1_4 et_pb_column et_pb_column_11 et_animated  et_pb_css_mix_blend_mode et_block_column\">\n\t\t\t\t\n\t\t\t\t\n\t\t\t\t\n\t\t\t\t\n\t\t\t\t<div class=\"et_pb_module et_d4_element et_pb_text et_pb_text_10 et_animated  et_pb_text_align_center et_pb_bg_layout_light\">\n\t\t\t\t\n\t\t\t\t\n\t\t\t\t\n\t\t\t\t\n\t\t\t\t<div class=\"et_pb_text_inner\"><h2>2<\/h2>\n<h6>Collaboration<\/h6>\n<p>Permettez \u00e0 l'ensemble de l'\u00e9quipe de d\u00e9cision de contribuer \u00e0 la s\u00e9lection des candidats en cours \u00e0 l'aide d'outils intuitifs de g\u00e9n\u00e9ration de rapports, tout en faisant participer les candidats gr\u00e2ce \u00e0 un tableau de bord interactif personnalis\u00e9.<\/div>\n\t\t\t<\/div>\n\t\t\t<\/div><div class=\"et_d4_element et_pb_column_1_4 et_pb_column et_pb_column_12 et_animated  et_pb_css_mix_blend_mode et_block_column\">\n\t\t\t\t\n\t\t\t\t\n\t\t\t\t\n\t\t\t\t\n\t\t\t\t<div class=\"et_pb_module et_d4_element et_pb_text et_pb_text_11  et_pb_text_align_center et_pb_bg_layout_light\">\n\t\t\t\t\n\t\t\t\t\n\t\t\t\t\n\t\t\t\t\n\t\t\t\t<div class=\"et_pb_text_inner\"><h2>3<\/h2>\n<h6>Transparence<\/h6>\n<p>Obtenez une collaboration et une transparence \u00e0 360 degr\u00e9s tout au long du processus de recherche en donnant \u00e0 l'\u00e9quipe de d\u00e9cision l'acc\u00e8s aux communications des candidats et en la tenant inform\u00e9e de l'avancement du recrutement.<\/div>\n\t\t\t<\/div>\n\t\t\t<\/div><div class=\"et_d4_element et_pb_column_1_4 et_pb_column et_pb_column_13 et_animated  et_pb_css_mix_blend_mode et-last-child et_block_column\">\n\t\t\t\t\n\t\t\t\t\n\t\t\t\t\n\t\t\t\t\n\t\t\t\t<div class=\"et_pb_module et_d4_element et_pb_text et_pb_text_12  et_pb_text_align_center et_pb_bg_layout_light\">\n\t\t\t\t\n\t\t\t\t\n\t\t\t\t\n\t\t\t\t\n\t\t\t\t<div class=\"et_pb_text_inner\"><h2>4<\/h2>\n<h6 class=\"translation-block\">Des r\u00e9sultats efficaces<\/h6>\n<p>Identifiez, examinez et int\u00e9grez le candidat retenu en 6 \u00e0 8 semaines, contre 12 semaines et plus pour les strat\u00e9gies de recrutement traditionnelles.<\/div>\n\t\t\t<\/div>\n\t\t\t<\/div>\n\t\t\t\t\n\t\t\t\t\n\t\t\t\t\n\t\t\t\t\n\t\t\t<\/div>\n\t\t\t\t\n\t\t\t\t\n\t\t\t<\/div><div id=\"diversity\" class=\"et_d4_element et_pb_section et_pb_section_5 et_pb_with_background  et_pb_css_mix_blend_mode et_section_regular et_block_section\" >\n\t\t\t\t\n\t\t\t\t\n\t\t\t\t\n\t\t\t\t\n\t\t\t\t\n\t\t\t\t\n\t\t\t\t<div class=\"et_d4_element et_pb_row et_pb_row_6 text-center  et_pb_css_mix_blend_mode et_block_row\">\n\t\t\t\t<div class=\"et_d4_element et_pb_column_4_4 et_pb_column et_pb_column_14  et_pb_css_mix_blend_mode et-last-child et_block_column\">\n\t\t\t\t\n\t\t\t\t\n\t\t\t\t\n\t\t\t\t\n\t\t\t\t<div class=\"et_pb_module et_d4_element et_pb_text et_pb_text_13 et_animated  et_pb_text_align_center et_pb_bg_layout_light\">\n\t\t\t\t\n\t\t\t\t\n\t\t\t\t\n\t\t\t\t\n\t\t\t\t<div class=\"et_pb_text_inner\"><h2>Diversit\u00e9 et inclusion :<br \/>\nDes \u00e9quipes diverses construisent des organisations fortes<\/h2><\/div>\n\t\t\t<\/div>\n\t\t\t<\/div>\n\t\t\t\t\n\t\t\t\t\n\t\t\t\t\n\t\t\t\t\n\t\t\t<\/div><div class=\"et_d4_element et_pb_row et_pb_row_7  et_pb_css_mix_blend_mode et_block_row\">\n\t\t\t\t<div class=\"et_d4_element et_pb_column_1_2 et_pb_column et_pb_column_15 et_animated  et_pb_css_mix_blend_mode et_block_column\">\n\t\t\t\t\n\t\t\t\t\n\t\t\t\t\n\t\t\t\t\n\t\t\t\t<div class=\"et_pb_module et_d4_element et_pb_text et_pb_text_14  et_pb_text_align_left et_pb_bg_layout_light\">\n\t\t\t\t\n\t\t\t\t\n\t\t\t\t\n\t\t\t\t\n\t\t\t\t<div class=\"et_pb_text_inner\">La diversit\u00e9 n'est pas le fruit du hasard. Les entreprises solides savent qu'elles doivent b\u00e9n\u00e9ficier du plus large \u00e9ventail d'exp\u00e9riences, d'ant\u00e9c\u00e9dents et de pens\u00e9es pour prosp\u00e9rer et se d\u00e9velopper. Nous nous attachons \u00e0 minimiser les pr\u00e9jug\u00e9s tout au long du processus de recrutement.<\/div>\n\t\t\t<\/div><div class=\"et_pb_module et_d4_element et_pb_text et_pb_text_15  et_pb_text_align_left et_pb_bg_layout_light\">\n\t\t\t\t\n\t\t\t\t\n\t\t\t\t\n\t\t\t\t\n\t\t\t\t<div class=\"et_pb_text_inner\">Nous croyons en la d\u00e9finition la plus large de la diversit\u00e9 et abordons la recherche de cadres et le conseil avec un point de vue clair : la diversit\u00e9 peut \u00eatre inh\u00e9rente ou acquise, qu'il s'agisse du sexe, de l'identit\u00e9 sexuelle, de l'origine ethnique, de l'orientation sexuelle, de la capacit\u00e9 physique, de l'exp\u00e9rience professionnelle, de l'\u00e2ge, de la g\u00e9ographie, de l'\u00e9ducation, du style de communication, du contexte socio-\u00e9conomique et du milieu culturel.<\/div>\n\t\t\t<\/div>\n\t\t\t<\/div><div class=\"et_d4_element et_pb_column_1_2 et_pb_column et_pb_column_16 et_animated  et_pb_css_mix_blend_mode et-last-child et_block_column\">\n\t\t\t\t\n\t\t\t\t\n\t\t\t\t\n\t\t\t\t\n\t\t\t\t<div class=\"et_pb_module et_d4_element et_pb_text et_pb_text_16  et_pb_text_align_left et_pb_bg_layout_light\">\n\t\t\t\t\n\t\t\t\t\n\t\t\t\t\n\t\t\t\t\n\t\t\t\t<div class=\"et_pb_text_inner\">Les \u00e9quipes de direction et les conseils d'administration diversifi\u00e9s sont plus forts, plus r\u00e9silients et mieux \u00e0 m\u00eame d'\u00e9valuer les opportunit\u00e9s, de relever les d\u00e9fis et de g\u00e9rer les changements rapides.<\/p>\n<p>Pour aider \u00e0 relever ces d\u00e9fis, nous sommes de fervents supporters de; Les Femmes prennent le pouvoir, du Fonds d'Opportunit\u00e9 pour les Noirs et du Conseil Canadien pour le Commerce Autochtone (CCAB). Nous sommes fiers de collaborer avec Les Femmes prennent le pouvoir pour \u00e9tablir des liens, promouvoir et favoriser l'avancement des femmes dans les salles de conseil. Nous nous engageons \u00e9galement \u00e0 travailler avec le Fonds d'Opportunit\u00e9 pour les Noirs afin de catalyser la croissance culturelle, \u00e9conomique et politique au sein des institutions, des gouvernements et des entreprises, afin de favoriser une plus grande diversit\u00e9 \u00e0 tous les niveaux. Nous soutenons \u00e9galement le travail important r\u00e9alis\u00e9 par le CCAB pour aider ses membres \u00e0 \u00e9tendre leur r\u00e9seau et \u00e0 d\u00e9bloquer de nouvelles opportunit\u00e9s entre les entreprises autochtones et non autochtones afin de promouvoir et de renforcer l'\u00e9conomie indig\u00e8ne.<\/div>\n\t\t\t<\/div>\n\t\t\t<\/div>\n\t\t\t\t\n\t\t\t\t\n\t\t\t\t\n\t\t\t\t\n\t\t\t<\/div>\n\t\t\t\t\n\t\t\t\t\n\t\t\t<\/div><\/p>","protected":false},"excerpt":{"rendered":"","protected":false},"author":5,"featured_media":0,"parent":0,"menu_order":0,"comment_status":"closed","ping_status":"closed","template":"","meta":{"_acf_changed":false,"_et_pb_use_builder":"on","_et_pb_old_content":"","_et_gb_content_width":"","footnotes":""},"class_list":["post-263","page","type-page","status-publish","hentry"],"acf":[],"yoast_head":"<!-- This site is optimized with the Yoast SEO plugin v27.5 - https:\/\/yoast.com\/product\/yoast-seo-wordpress\/ -->\n<title>Executive Search &amp; Recruitment Platform Powered by AI - Massey Henry<\/title>\n<meta name=\"description\" content=\"Massey Henry uses an advanced AI-powered platform, driven by Howspace and Thrive, for smarter, faster executive search services.\" \/>\n<meta name=\"robots\" content=\"index, follow, max-snippet:-1, max-image-preview:large, max-video-preview:-1\" \/>\n<link rel=\"canonical\" href=\"https:\/\/masseyhenry.com\/fr\/executive-search-and-recruitment\/\" \/>\n<meta property=\"og:locale\" content=\"fr_CA\" \/>\n<meta property=\"og:type\" content=\"article\" \/>\n<meta property=\"og:title\" content=\"Executive Search &amp; Recruitment Platform Powered by AI - Massey Henry\" \/>\n<meta property=\"og:description\" content=\"Massey Henry uses an advanced AI-powered platform, driven by Howspace and Thrive, for smarter, faster executive search services.\" \/>\n<meta property=\"og:url\" content=\"https:\/\/masseyhenry.com\/fr\/executive-search-and-recruitment\/\" \/>\n<meta property=\"og:site_name\" content=\"Massey Henry\" \/>\n<meta property=\"article:modified_time\" content=\"2025-09-26T17:40:47+00:00\" \/>\n<meta name=\"twitter:card\" content=\"summary_large_image\" \/>\n<meta name=\"twitter:label1\" content=\"Estimation du temps de lecture\" \/>\n\t<meta name=\"twitter:data1\" content=\"10 minutes\" \/>\n<script type=\"application\/ld+json\" class=\"yoast-schema-graph\">{\"@context\":\"https:\\\/\\\/schema.org\",\"@graph\":[{\"@type\":\"WebPage\",\"@id\":\"https:\\\/\\\/masseyhenry.com\\\/executive-search-and-recruitment\\\/\",\"url\":\"https:\\\/\\\/masseyhenry.com\\\/executive-search-and-recruitment\\\/\",\"name\":\"Executive Search & Recruitment Platform Powered by AI - Massey Henry\",\"isPartOf\":{\"@id\":\"https:\\\/\\\/masseyhenry.com\\\/#website\"},\"datePublished\":\"2021-04-20T10:22:12+00:00\",\"dateModified\":\"2025-09-26T17:40:47+00:00\",\"description\":\"Massey Henry uses an advanced AI-powered platform, driven by Howspace and Thrive, for smarter, faster executive search services.\",\"breadcrumb\":{\"@id\":\"https:\\\/\\\/masseyhenry.com\\\/executive-search-and-recruitment\\\/#breadcrumb\"},\"inLanguage\":\"fr-CA\",\"potentialAction\":[{\"@type\":\"ReadAction\",\"target\":[\"https:\\\/\\\/masseyhenry.com\\\/executive-search-and-recruitment\\\/\"]}]},{\"@type\":\"BreadcrumbList\",\"@id\":\"https:\\\/\\\/masseyhenry.com\\\/executive-search-and-recruitment\\\/#breadcrumb\",\"itemListElement\":[{\"@type\":\"ListItem\",\"position\":1,\"name\":\"Home\",\"item\":\"https:\\\/\\\/masseyhenry.com\\\/\"},{\"@type\":\"ListItem\",\"position\":2,\"name\":\"Executive Search\"}]},{\"@type\":\"WebSite\",\"@id\":\"https:\\\/\\\/masseyhenry.com\\\/#website\",\"url\":\"https:\\\/\\\/masseyhenry.com\\\/\",\"name\":\"Massey Henry\",\"description\":\"\",\"potentialAction\":[{\"@type\":\"SearchAction\",\"target\":{\"@type\":\"EntryPoint\",\"urlTemplate\":\"https:\\\/\\\/masseyhenry.com\\\/?s={search_term_string}\"},\"query-input\":{\"@type\":\"PropertyValueSpecification\",\"valueRequired\":true,\"valueName\":\"search_term_string\"}}],\"inLanguage\":\"fr-CA\"}]}<\/script>\n<!-- \/ Yoast SEO plugin. -->","yoast_head_json":{"title":"Recherche De Cadres - Massey Henry","description":"Nos experts en recherche de cadres ont fait leurs preuves dans le cadre de partenariats avec des organisations afin de...","robots":{"index":"index","follow":"follow","max-snippet":"max-snippet:-1","max-image-preview":"max-image-preview:large","max-video-preview":"max-video-preview:-1"},"canonical":"https:\/\/masseyhenry.com\/fr\/executive-search-and-recruitment\/","og_locale":"fr_CA","og_type":"article","og_title":"Executive Search & Recruitment Platform Powered by AI - Massey Henry","og_description":"Massey Henry uses an advanced AI-powered platform, driven by Howspace and Thrive, for smarter, faster executive search services.","og_url":"https:\/\/masseyhenry.com\/fr\/executive-search-and-recruitment\/","og_site_name":"Massey Henry","article_modified_time":"2025-09-26T17:40:47+00:00","twitter_card":"summary_large_image","twitter_misc":{"Estimation du temps de lecture":"10 minutes"},"schema":{"@context":"https:\/\/schema.org","@graph":[{"@type":"WebPage","@id":"https:\/\/masseyhenry.com\/executive-search-and-recruitment\/","url":"https:\/\/masseyhenry.com\/executive-search-and-recruitment\/","name":"Recherche De Cadres - Massey Henry","isPartOf":{"@id":"https:\/\/masseyhenry.com\/#website"},"datePublished":"2021-04-20T10:22:12+00:00","dateModified":"2025-09-26T17:40:47+00:00","description":"Nos experts en recherche de cadres ont fait leurs preuves dans le cadre de partenariats avec des organisations afin de...","breadcrumb":{"@id":"https:\/\/masseyhenry.com\/executive-search-and-recruitment\/#breadcrumb"},"inLanguage":"fr-CA","potentialAction":[{"@type":"ReadAction","target":["https:\/\/masseyhenry.com\/executive-search-and-recruitment\/"]}]},{"@type":"BreadcrumbList","@id":"https:\/\/masseyhenry.com\/executive-search-and-recruitment\/#breadcrumb","itemListElement":[{"@type":"ListItem","position":1,"name":"Home","item":"https:\/\/masseyhenry.com\/"},{"@type":"ListItem","position":2,"name":"Executive Search"}]},{"@type":"WebSite","@id":"https:\/\/masseyhenry.com\/#website","url":"https:\/\/masseyhenry.com\/","name":"Massey Henry","description":"","potentialAction":[{"@type":"SearchAction","target":{"@type":"EntryPoint","urlTemplate":"https:\/\/masseyhenry.com\/?s={search_term_string}"},"query-input":{"@type":"PropertyValueSpecification","valueRequired":true,"valueName":"search_term_string"}}],"inLanguage":"fr-CA"}]}},"_links":{"self":[{"href":"https:\/\/masseyhenry.com\/fr\/wp-json\/wp\/v2\/pages\/263","targetHints":{"allow":["GET"]}}],"collection":[{"href":"https:\/\/masseyhenry.com\/fr\/wp-json\/wp\/v2\/pages"}],"about":[{"href":"https:\/\/masseyhenry.com\/fr\/wp-json\/wp\/v2\/types\/page"}],"author":[{"embeddable":true,"href":"https:\/\/masseyhenry.com\/fr\/wp-json\/wp\/v2\/users\/5"}],"replies":[{"embeddable":true,"href":"https:\/\/masseyhenry.com\/fr\/wp-json\/wp\/v2\/comments?post=263"}],"version-history":[{"count":1,"href":"https:\/\/masseyhenry.com\/fr\/wp-json\/wp\/v2\/pages\/263\/revisions"}],"predecessor-version":[{"id":4334,"href":"https:\/\/masseyhenry.com\/fr\/wp-json\/wp\/v2\/pages\/263\/revisions\/4334"}],"wp:attachment":[{"href":"https:\/\/masseyhenry.com\/fr\/wp-json\/wp\/v2\/media?parent=263"}],"curies":[{"name":"wp","href":"https:\/\/api.w.org\/{rel}","templated":true}]}}