{"id":451,"date":"2021-04-21T12:43:48","date_gmt":"2021-04-21T12:43:48","guid":{"rendered":"http:\/\/182.74.129.6\/demo\/ext-marketing\/masseyhenry\/?page_id=451"},"modified":"2026-03-12T16:59:46","modified_gmt":"2026-03-12T20:59:46","slug":"consulting-services","status":"publish","type":"page","link":"https:\/\/masseyhenry.com\/fr\/consulting-services\/","title":{"rendered":"Services de conseil"},"content":{"rendered":"<p><div class=\"et_d4_element et_pb_section et_pb_section_0 subpage-top drive-results et_pb_section_parallax  et_pb_css_mix_blend_mode et_section_regular et_block_section\" >\n\t\t\t\t\n\t\t\t\t\n\t\t\t\t\n\t\t\t\t\n\t\t\t\t\n\t\t\t\t\n\t\t\t\t<div class=\"et_d4_element et_pb_row et_pb_row_0 et_pb_equal_columns  et_pb_css_mix_blend_mode et_block_row\">\n\t\t\t\t<div class=\"et_d4_element et_pb_column_3_5 et_pb_column et_pb_column_0  et_pb_css_mix_blend_mode et_block_column\">\n\t\t\t\t\n\t\t\t\t\n\t\t\t\t\n\t\t\t\t\n\t\t\t\t<div class=\"et_pb_module et_d4_element et_pb_text et_pb_text_0 et_animated  et_pb_text_align_left et_pb_bg_layout_light\">\n\t\t\t\t\n\t\t\t\t\n\t\t\t\t\n\t\t\t\t\n\t\t\t\t<div class=\"et_pb_text_inner\"><h1>Creating strong<\/h1>\n<h1>cultures that<\/h1>\n<h1>drive<\/h1>\n<h1>results<\/h1><\/div>\n\t\t\t<\/div><div class=\"et_pb_module et_d4_element et_pb_text et_pb_text_1 et_animated  et_pb_text_align_left et_pb_bg_layout_light\">\n\t\t\t\t\n\t\t\t\t\n\t\t\t\t\n\t\t\t\t\n\t\t\t\t<div class=\"et_pb_text_inner\"><p>Il ne suffit pas de placer d'excellents talents \u00e0 des postes critiques. Nos conseillers principaux travaillent avec les organisations pour s'assurer que ces dirigeants sont pr\u00eats \u00e0 r\u00e9ussir, tant au niveau du conseil d'administration que de la direction.<\/p><\/div>\n\t\t\t<\/div>\n\t\t\t<\/div><div class=\"et_d4_element et_pb_column_2_5 et_pb_column et_pb_column_1  et_pb_css_mix_blend_mode et-last-child et_block_column\">\n\t\t\t\t\n\t\t\t\t\n\t\t\t\t\n\t\t\t\t\n\t\t\t\t<div class=\"et_pb_module et_d4_element et_pb_image et_pb_image_0 et_animated et-waypoint\">\n\t\t\t\t\n\t\t\t\t\n\t\t\t\t\n\t\t\t\t\n\t\t\t\t<span class=\"et_pb_image_wrap\"><img loading=\"lazy\" decoding=\"async\" width=\"494\" height=\"521\" src=\"https:\/\/masseyhenry.com\/wp-content\/uploads\/2021\/04\/img2.png\" alt=\"\" title=\"img2\" srcset=\"https:\/\/masseyhenry.com\/wp-content\/uploads\/2021\/04\/img2.png 494w, https:\/\/masseyhenry.com\/wp-content\/uploads\/2021\/04\/img2-480x506.png 480w\" sizes=\"(min-width: 0px) and (max-width: 480px) 480px, (min-width: 481px) 494px, 100vw\" class=\"wp-image-457\" \/><\/span>\n\t\t\t<\/div>\n\t\t\t<\/div>\n\t\t\t\t\n\t\t\t\t\n\t\t\t\t\n\t\t\t\t\n\t\t\t<\/div><div class=\"et_d4_element et_pb_row et_pb_row_1  et_pb_css_mix_blend_mode et_block_row\">\n\t\t\t\t<div class=\"et_d4_element et_pb_column_4_4 et_pb_column et_pb_column_2  et_pb_css_mix_blend_mode et-last-child et_block_column\">\n\t\t\t\t\n\t\t\t\t\n\t\t\t\t\n\t\t\t\t\n\t\t\t\t<div class=\"et_pb_module et_d4_element et_pb_image et_pb_image_1 et_animated et-waypoint\">\n\t\t\t\t\n\t\t\t\t\n\t\t\t\t\n\t\t\t\t\n\t\t\t\t<span class=\"et_pb_image_wrap\"><img loading=\"lazy\" decoding=\"async\" width=\"494\" height=\"521\" src=\"https:\/\/masseyhenry.com\/wp-content\/uploads\/2021\/04\/img2.png\" alt=\"\" title=\"img2\" srcset=\"https:\/\/masseyhenry.com\/wp-content\/uploads\/2021\/04\/img2.png 494w, https:\/\/masseyhenry.com\/wp-content\/uploads\/2021\/04\/img2-480x506.png 480w\" sizes=\"(min-width: 0px) and (max-width: 480px) 480px, (min-width: 481px) 494px, 100vw\" class=\"wp-image-457\" \/><\/span>\n\t\t\t<\/div>\n\t\t\t<\/div>\n\t\t\t\t\n\t\t\t\t\n\t\t\t\t\n\t\t\t\t\n\t\t\t<\/div>\n\t\t\t\t\n\t\t\t\t\n\t\t\t<\/div><div id=\"consulting-services\" class=\"et_d4_element et_pb_section et_pb_section_1 et_pb_with_background  et_pb_css_mix_blend_mode et_section_regular et_block_section\" >\n\t\t\t\t\n\t\t\t\t\n\t\t\t\t\n\t\t\t\t\n\t\t\t\t\n\t\t\t\t\n\t\t\t\t<div class=\"et_d4_element et_pb_row et_pb_row_2 mobile-column-reverse et_pb_equal_columns  et_pb_css_mix_blend_mode et_block_row\">\n\t\t\t\t<div class=\"et_d4_element et_pb_column_1_2 et_pb_column et_pb_column_3  et_pb_css_mix_blend_mode et_block_column\">\n\t\t\t\t\n\t\t\t\t\n\t\t\t\t\n\t\t\t\t\n\t\t\t\t<div class=\"et_pb_module et_d4_element et_pb_text et_pb_text_2 et_animated  et_pb_text_align_left et_pb_bg_layout_light\">\n\t\t\t\t\n\t\t\t\t\n\t\t\t\t\n\t\t\t\t\n\t\t\t\t<div class=\"et_pb_text_inner\"><h3>Recrutement de directeurs<\/h3>\n<p>En plus de la recherche traditionnelle de cadres, notre \u00e9quipe poss\u00e8de une vaste exp\u00e9rience dans le placement de directeurs d'entreprise. Gr\u00e2ce \u00e0 notre vaste r\u00e9seau, nous sommes en mesure de trouver rapidement le candidat id\u00e9al poss\u00e9dant la formation, l'exp\u00e9rience et l'expertise requises.<\/p>\n<p>Massey Henry est fier de soutenir plusieurs organisations visant \u00e0 promouvoir la diversit\u00e9 sur le lieu de travail, notamment : Women Get On Board, Le Fonds d'Opportunit\u00e9 pour les Noirs et le Conseil Canadien pour le Commerce Autochtone.<\/p><\/div>\n\t\t\t<\/div>\n\t\t\t<\/div><div class=\"et_d4_element et_pb_column_1_2 et_pb_column et_pb_column_4  et_pb_css_mix_blend_mode et-last-child et_block_column\">\n\t\t\t\t\n\t\t\t\t\n\t\t\t\t\n\t\t\t\t\n\t\t\t\t<div class=\"et_pb_module et_d4_element et_pb_image et_pb_image_2 et_animated et-waypoint\">\n\t\t\t\t\n\t\t\t\t\n\t\t\t\t\n\t\t\t\t\n\t\t\t\t<span class=\"et_pb_image_wrap\"><img loading=\"lazy\" decoding=\"async\" width=\"209\" height=\"209\" src=\"https:\/\/masseyhenry.com\/wp-content\/uploads\/2021\/04\/Group-330.png\" alt=\"\" title=\"Group 330\" srcset=\"https:\/\/masseyhenry.com\/wp-content\/uploads\/2021\/04\/Group-330.png 209w, https:\/\/masseyhenry.com\/wp-content\/uploads\/2021\/04\/Group-330-150x150.png 150w\" sizes=\"(max-width: 209px) 100vw, 209px\" class=\"wp-image-516\" \/><\/span>\n\t\t\t<\/div>\n\t\t\t<\/div>\n\t\t\t\t\n\t\t\t\t\n\t\t\t\t\n\t\t\t\t\n\t\t\t<\/div><div class=\"et_d4_element et_pb_row et_pb_row_3 mobile-column-reverse et_pb_equal_columns  et_pb_css_mix_blend_mode et_block_row\">\n\t\t\t\t<div class=\"et_d4_element et_pb_column_1_2 et_pb_column et_pb_column_5  et_pb_css_mix_blend_mode et_block_column\">\n\t\t\t\t\n\t\t\t\t\n\t\t\t\t\n\t\t\t\t\n\t\t\t\t<div class=\"et_pb_module et_d4_element et_pb_image et_pb_image_3 et_animated et-waypoint\">\n\t\t\t\t\n\t\t\t\t\n\t\t\t\t\n\t\t\t\t\n\t\t\t\t<span class=\"et_pb_image_wrap\"><img loading=\"lazy\" decoding=\"async\" width=\"245\" height=\"229\" src=\"https:\/\/masseyhenry.com\/wp-content\/uploads\/2021\/04\/Group-449.png\" alt=\"\" title=\"Group 449\" class=\"wp-image-470\" \/><\/span>\n\t\t\t<\/div>\n\t\t\t<\/div><div class=\"et_d4_element et_pb_column_1_2 et_pb_column et_pb_column_6  et_pb_css_mix_blend_mode et-last-child et_block_column\">\n\t\t\t\t\n\t\t\t\t\n\t\t\t\t\n\t\t\t\t\n\t\t\t\t<div class=\"et_pb_module et_d4_element et_pb_text et_pb_text_3 et_animated  et_pb_text_align_left et_pb_bg_layout_light\">\n\t\t\t\t\n\t\t\t\t\n\t\t\t\t\n\t\t\t\t\n\t\t\t\t<div class=\"et_pb_text_inner\"><h3>\u00c9valuation de la direction<\/h3>\n<p>Chez Massey Henry, nous savons comment trouver des leaders. Nous adoptons une approche d'\u00e9valuation compl\u00e8te qui va au-del\u00e0 de l'\u00e9valuation des capacit\u00e9s d'un candidat. Qu'il s'agisse d'\u00e9valuer l'ad\u00e9quation culturelle, la personnalit\u00e9 ou les comp\u00e9tences en mati\u00e8re de leadership, notre processus rigoureux garantit que nos clients sont pr\u00eats \u00e0 r\u00e9ussir le recrutement d'un cadre sup\u00e9rieur.<\/p><\/div>\n\t\t\t<\/div>\n\t\t\t<\/div>\n\t\t\t\t\n\t\t\t\t\n\t\t\t\t\n\t\t\t\t\n\t\t\t<\/div><div class=\"et_d4_element et_pb_row et_pb_row_4 et_pb_equal_columns  et_pb_css_mix_blend_mode et_block_row\">\n\t\t\t\t<div class=\"et_d4_element et_pb_column_1_2 et_pb_column et_pb_column_7  et_pb_css_mix_blend_mode et_block_column\">\n\t\t\t\t\n\t\t\t\t\n\t\t\t\t\n\t\t\t\t\n\t\t\t\t<div class=\"et_pb_module et_d4_element et_pb_text et_pb_text_4 et_animated  et_pb_text_align_left et_pb_bg_layout_light\">\n\t\t\t\t\n\t\t\t\t\n\t\t\t\t\n\t\t\t\t\n\t\t\t\t<div class=\"et_pb_text_inner\"><h3>Accompagnement des dirigeants<\/h3>\n<p>Nous agissons en tant que partenaires de nos clients afin de concevoir des strat\u00e9gies et des plans d'action uniques pour d\u00e9velopper les leaders organisationnels. Cela comprend la transition et l'int\u00e9gration des cadres nouvellement recrut\u00e9s dans les organisations clientes, l'acc\u00e9l\u00e9ration du d\u00e9veloppement des talents \u00e0 fort potentiel et l'am\u00e9lioration des fili\u00e8res de leadership des organisations.<\/p>\n<p>De nouvelles mentalit\u00e9s, de nouveaux processus ou m\u00eame des am\u00e9liorations apparemment mineures ont le pouvoir de transformer les organisations pour le mieux. Nous aidons \u00e0 concevoir de nouvelles pratiques qui se traduisent par des am\u00e9liorations durables des r\u00e9sultats de l'organisation et du leadership, imm\u00e9diatement et \u00e0 long terme.<\/p><\/div>\n\t\t\t<\/div>\n\t\t\t<\/div><div class=\"et_d4_element et_pb_column_1_2 et_pb_column et_pb_column_8  et_pb_css_mix_blend_mode et-last-child et_block_column\">\n\t\t\t\t\n\t\t\t\t\n\t\t\t\t\n\t\t\t\t\n\t\t\t\t<div class=\"et_pb_module et_d4_element et_pb_image et_pb_image_4 et_animated et-waypoint\">\n\t\t\t\t\n\t\t\t\t\n\t\t\t\t\n\t\t\t\t\n\t\t\t\t<span class=\"et_pb_image_wrap\"><img loading=\"lazy\" decoding=\"async\" width=\"211\" height=\"171\" src=\"https:\/\/masseyhenry.com\/wp-content\/uploads\/2021\/04\/Group-479.png\" alt=\"\" title=\"Group 479\" class=\"wp-image-494\" \/><\/span>\n\t\t\t<\/div>\n\t\t\t<\/div>\n\t\t\t\t\n\t\t\t\t\n\t\t\t\t\n\t\t\t\t\n\t\t\t<\/div><div class=\"et_d4_element et_pb_row et_pb_row_5 mobile-column-reverse et_pb_equal_columns  et_pb_css_mix_blend_mode et_block_row\">\n\t\t\t\t<div class=\"et_d4_element et_pb_column_1_2 et_pb_column et_pb_column_9  et_pb_css_mix_blend_mode et_block_column\">\n\t\t\t\t\n\t\t\t\t\n\t\t\t\t\n\t\t\t\t\n\t\t\t\t<div class=\"et_pb_module et_d4_element et_pb_image et_pb_image_5 et_animated et-waypoint\">\n\t\t\t\t\n\t\t\t\t\n\t\t\t\t\n\t\t\t\t\n\t\t\t\t<span class=\"et_pb_image_wrap\"><img loading=\"lazy\" decoding=\"async\" width=\"207\" height=\"192\" src=\"https:\/\/masseyhenry.com\/wp-content\/uploads\/2021\/04\/Group-331.png\" alt=\"\" title=\"Group 331\" class=\"wp-image-505\" \/><\/span>\n\t\t\t<\/div>\n\t\t\t<\/div><div class=\"et_d4_element et_pb_column_1_2 et_pb_column et_pb_column_10  et_pb_css_mix_blend_mode et-last-child et_block_column\">\n\t\t\t\t\n\t\t\t\t\n\t\t\t\t\n\t\t\t\t\n\t\t\t\t<div class=\"et_pb_module et_d4_element et_pb_text et_pb_text_5 et_animated  et_pb_text_align_left et_pb_bg_layout_light\">\n\t\t\t\t\n\t\t\t\t\n\t\t\t\t\n\t\t\t\t\n\t\t\t\t<div class=\"et_pb_text_inner\"><h3>Encadrement d'\u00e9quipe<\/h3>\n<p>Les organisations fonctionnent mieux lorsque leurs \u00e9quipes fonctionnent \u00e0 un niveau sup\u00e9rieur \u00e0 la somme de leurs parties. Chez Massey Henry, nous travaillons avec nos clients pour aligner leurs \u00e9quipes internes, clarifier les buts et objectifs communs et d\u00e9velopper des strat\u00e9gies pour optimiser l'efficacit\u00e9 op\u00e9rationnelle.<\/p>\n<p>Nos services d'accompagnement peuvent aider les dirigeants des diff\u00e9rents domaines fonctionnels d'une organisation \u00e0 travailler de mani\u00e8re plus coh\u00e9rente en formant \"l'\u00e9quipe parmi les \u00e9quipes\", en am\u00e9liorant les meilleures pratiques et en renfor\u00e7ant le soutien organisationnel \u00e0 leurs objectifs communs.<\/p><\/div>\n\t\t\t<\/div>\n\t\t\t<\/div>\n\t\t\t\t\n\t\t\t\t\n\t\t\t\t\n\t\t\t\t\n\t\t\t<\/div><div class=\"et_d4_element et_pb_row et_pb_row_6 et_pb_equal_columns  et_pb_css_mix_blend_mode et_block_row\">\n\t\t\t\t<div class=\"et_d4_element et_pb_column_1_2 et_pb_column et_pb_column_11  et_pb_css_mix_blend_mode et_block_column\">\n\t\t\t\t\n\t\t\t\t\n\t\t\t\t\n\t\t\t\t\n\t\t\t\t<div class=\"et_pb_module et_d4_element et_pb_text et_pb_text_6 et_animated  et_pb_text_align_left et_pb_bg_layout_light\">\n\t\t\t\t\n\t\t\t\t\n\t\t\t\t\n\t\t\t\t\n\t\t\t\t<div class=\"et_pb_text_inner\"><h3>Conseil consultatif et \u00e9valuation du conseil d'administration<\/h3>\n<p>Nos conseillers principaux apportent leur expertise sur un large \u00e9ventail de sujets essentiels, notamment la culture du conseil d'administration, son efficacit\u00e9, les meilleures pratiques de gouvernance, la planification de la succession et la diversit\u00e9.<\/p>\n<p>Nous travaillons avec les organisations pour d\u00e9terminer si les conseils d'administration disposent des comp\u00e9tences et des moyens de supervision n\u00e9cessaires pour faire face \u00e0 l'\u00e9volution constante des entreprises, des technologies et des risques.<\/p><\/div>\n\t\t\t<\/div>\n\t\t\t<\/div><div class=\"et_d4_element et_pb_column_1_2 et_pb_column et_pb_column_12  et_pb_css_mix_blend_mode et-last-child et_block_column\">\n\t\t\t\t\n\t\t\t\t\n\t\t\t\t\n\t\t\t\t\n\t\t\t\t<div class=\"et_pb_module et_d4_element et_pb_image et_pb_image_6 et_animated et-waypoint\">\n\t\t\t\t\n\t\t\t\t\n\t\t\t\t\n\t\t\t\t\n\t\t\t\t<span class=\"et_pb_image_wrap\"><img loading=\"lazy\" decoding=\"async\" width=\"178\" height=\"167\" src=\"https:\/\/masseyhenry.com\/wp-content\/uploads\/2021\/04\/Group-459.png\" alt=\"\" title=\"Group 459\" class=\"wp-image-506\" \/><\/span>\n\t\t\t<\/div>\n\t\t\t<\/div>\n\t\t\t\t\n\t\t\t\t\n\t\t\t\t\n\t\t\t\t\n\t\t\t<\/div>\n\t\t\t\t\n\t\t\t\t\n\t\t\t<\/div><\/p>","protected":false},"excerpt":{"rendered":"","protected":false},"author":5,"featured_media":0,"parent":0,"menu_order":0,"comment_status":"closed","ping_status":"closed","template":"","meta":{"_acf_changed":false,"_et_pb_use_builder":"on","_et_pb_old_content":"","_et_gb_content_width":"","footnotes":""},"class_list":["post-451","page","type-page","status-publish","hentry"],"acf":[],"yoast_head":"<!-- This site is optimized with the Yoast SEO plugin v27.5 - https:\/\/yoast.com\/product\/yoast-seo-wordpress\/ -->\n<title>Executive Search Consultants - Executive &amp; Team Coaching<\/title>\n<meta name=\"description\" content=\"Massey Henry provides leadership coaching and team coaching solutions to organizations across Canada.\" \/>\n<meta name=\"robots\" content=\"index, follow, max-snippet:-1, max-image-preview:large, max-video-preview:-1\" \/>\n<link rel=\"canonical\" href=\"https:\/\/masseyhenry.com\/fr\/consulting-services\/\" \/>\n<meta property=\"og:locale\" content=\"fr_CA\" \/>\n<meta property=\"og:type\" content=\"article\" \/>\n<meta property=\"og:title\" content=\"Executive Search Consultants - Executive &amp; Team Coaching\" \/>\n<meta property=\"og:description\" content=\"Massey Henry provides leadership coaching and team coaching solutions to organizations across Canada.\" \/>\n<meta property=\"og:url\" content=\"https:\/\/masseyhenry.com\/fr\/consulting-services\/\" \/>\n<meta property=\"og:site_name\" content=\"Massey Henry\" \/>\n<meta property=\"article:modified_time\" content=\"2026-03-12T20:59:46+00:00\" \/>\n<meta name=\"twitter:card\" content=\"summary_large_image\" \/>\n<meta name=\"twitter:label1\" content=\"Estimation du temps de lecture\" \/>\n\t<meta name=\"twitter:data1\" content=\"8 minutes\" \/>\n<script type=\"application\/ld+json\" class=\"yoast-schema-graph\">{\"@context\":\"https:\\\/\\\/schema.org\",\"@graph\":[{\"@type\":\"WebPage\",\"@id\":\"https:\\\/\\\/masseyhenry.com\\\/consulting-services\\\/\",\"url\":\"https:\\\/\\\/masseyhenry.com\\\/consulting-services\\\/\",\"name\":\"Executive Search Consultants - Executive & Team Coaching\",\"isPartOf\":{\"@id\":\"https:\\\/\\\/masseyhenry.com\\\/#website\"},\"datePublished\":\"2021-04-21T12:43:48+00:00\",\"dateModified\":\"2026-03-12T20:59:46+00:00\",\"description\":\"Massey Henry provides leadership coaching and team coaching solutions to organizations across Canada.\",\"breadcrumb\":{\"@id\":\"https:\\\/\\\/masseyhenry.com\\\/consulting-services\\\/#breadcrumb\"},\"inLanguage\":\"fr-CA\",\"potentialAction\":[{\"@type\":\"ReadAction\",\"target\":[\"https:\\\/\\\/masseyhenry.com\\\/consulting-services\\\/\"]}]},{\"@type\":\"BreadcrumbList\",\"@id\":\"https:\\\/\\\/masseyhenry.com\\\/consulting-services\\\/#breadcrumb\",\"itemListElement\":[{\"@type\":\"ListItem\",\"position\":1,\"name\":\"Home\",\"item\":\"https:\\\/\\\/masseyhenry.com\\\/\"},{\"@type\":\"ListItem\",\"position\":2,\"name\":\"Consulting Services\"}]},{\"@type\":\"WebSite\",\"@id\":\"https:\\\/\\\/masseyhenry.com\\\/#website\",\"url\":\"https:\\\/\\\/masseyhenry.com\\\/\",\"name\":\"Massey Henry\",\"description\":\"\",\"potentialAction\":[{\"@type\":\"SearchAction\",\"target\":{\"@type\":\"EntryPoint\",\"urlTemplate\":\"https:\\\/\\\/masseyhenry.com\\\/?s={search_term_string}\"},\"query-input\":{\"@type\":\"PropertyValueSpecification\",\"valueRequired\":true,\"valueName\":\"search_term_string\"}}],\"inLanguage\":\"fr-CA\"}]}<\/script>\n<!-- \/ Yoast SEO plugin. -->","yoast_head_json":{"title":"Executive Search Consultants - Executive & Team Coaching","description":"Massey Henry provides leadership coaching and team coaching solutions to organizations across Canada.","robots":{"index":"index","follow":"follow","max-snippet":"max-snippet:-1","max-image-preview":"max-image-preview:large","max-video-preview":"max-video-preview:-1"},"canonical":"https:\/\/masseyhenry.com\/fr\/consulting-services\/","og_locale":"fr_CA","og_type":"article","og_title":"Executive Search Consultants - Executive & Team Coaching","og_description":"Massey Henry provides leadership coaching and team coaching solutions to organizations across Canada.","og_url":"https:\/\/masseyhenry.com\/fr\/consulting-services\/","og_site_name":"Massey Henry","article_modified_time":"2026-03-12T20:59:46+00:00","twitter_card":"summary_large_image","twitter_misc":{"Estimation du temps de lecture":"8 minutes"},"schema":{"@context":"https:\/\/schema.org","@graph":[{"@type":"WebPage","@id":"https:\/\/masseyhenry.com\/consulting-services\/","url":"https:\/\/masseyhenry.com\/consulting-services\/","name":"Executive Search Consultants - Executive & Team Coaching","isPartOf":{"@id":"https:\/\/masseyhenry.com\/#website"},"datePublished":"2021-04-21T12:43:48+00:00","dateModified":"2026-03-12T20:59:46+00:00","description":"Massey Henry provides leadership coaching and team coaching solutions to organizations across Canada.","breadcrumb":{"@id":"https:\/\/masseyhenry.com\/consulting-services\/#breadcrumb"},"inLanguage":"fr-CA","potentialAction":[{"@type":"ReadAction","target":["https:\/\/masseyhenry.com\/consulting-services\/"]}]},{"@type":"BreadcrumbList","@id":"https:\/\/masseyhenry.com\/consulting-services\/#breadcrumb","itemListElement":[{"@type":"ListItem","position":1,"name":"Home","item":"https:\/\/masseyhenry.com\/"},{"@type":"ListItem","position":2,"name":"Consulting Services"}]},{"@type":"WebSite","@id":"https:\/\/masseyhenry.com\/#website","url":"https:\/\/masseyhenry.com\/","name":"Massey Henry","description":"","potentialAction":[{"@type":"SearchAction","target":{"@type":"EntryPoint","urlTemplate":"https:\/\/masseyhenry.com\/?s={search_term_string}"},"query-input":{"@type":"PropertyValueSpecification","valueRequired":true,"valueName":"search_term_string"}}],"inLanguage":"fr-CA"}]}},"_links":{"self":[{"href":"https:\/\/masseyhenry.com\/fr\/wp-json\/wp\/v2\/pages\/451","targetHints":{"allow":["GET"]}}],"collection":[{"href":"https:\/\/masseyhenry.com\/fr\/wp-json\/wp\/v2\/pages"}],"about":[{"href":"https:\/\/masseyhenry.com\/fr\/wp-json\/wp\/v2\/types\/page"}],"author":[{"embeddable":true,"href":"https:\/\/masseyhenry.com\/fr\/wp-json\/wp\/v2\/users\/5"}],"replies":[{"embeddable":true,"href":"https:\/\/masseyhenry.com\/fr\/wp-json\/wp\/v2\/comments?post=451"}],"version-history":[{"count":3,"href":"https:\/\/masseyhenry.com\/fr\/wp-json\/wp\/v2\/pages\/451\/revisions"}],"predecessor-version":[{"id":5070,"href":"https:\/\/masseyhenry.com\/fr\/wp-json\/wp\/v2\/pages\/451\/revisions\/5070"}],"wp:attachment":[{"href":"https:\/\/masseyhenry.com\/fr\/wp-json\/wp\/v2\/media?parent=451"}],"curies":[{"name":"wp","href":"https:\/\/api.w.org\/{rel}","templated":true}]}}