{"id":730,"date":"2021-04-23T18:23:40","date_gmt":"2021-04-23T18:23:40","guid":{"rendered":"http:\/\/182.74.129.6\/demo\/ext-marketing\/masseyhenry\/?page_id=730"},"modified":"2025-03-11T12:21:29","modified_gmt":"2025-03-11T16:21:29","slug":"opportunities","status":"publish","type":"page","link":"https:\/\/masseyhenry.com\/fr\/opportunities\/","title":{"rendered":"Opportunit\u00e9s"},"content":{"rendered":"<p><div class=\"et_d4_element et_pb_section et_pb_section_0 subpage-top drive-results et_pb_section_parallax  et_pb_css_mix_blend_mode et_section_regular et_block_section\" >\n\t\t\t\t\n\t\t\t\t\n\t\t\t\t\n\t\t\t\t\n\t\t\t\t\n\t\t\t\t\n\t\t\t\t<div id=\"opportunities-banner\" class=\"et_d4_element et_pb_row et_pb_row_0 et_pb_equal_columns  et_pb_css_mix_blend_mode et_block_row\">\n\t\t\t\t<div class=\"et_d4_element et_pb_column_3_5 et_pb_column et_pb_column_0  et_pb_css_mix_blend_mode et_block_column\">\n\t\t\t\t\n\t\t\t\t\n\t\t\t\t\n\t\t\t\t\n\t\t\t\t<div class=\"et_pb_module et_d4_element et_pb_text et_pb_text_0 et_animated  et_pb_text_align_left et_pb_bg_layout_light\">\n\t\t\t\t\n\t\t\t\t\n\t\t\t\t\n\t\t\t\t\n\t\t\t\t<div class=\"et_pb_text_inner\"><h2>Votre prochain r\u00f4le de cadre commence ici<\/h2><\/div>\n\t\t\t<\/div><div class=\"et_pb_module et_d4_element et_pb_text et_pb_text_1 et_animated  et_pb_text_align_left et_pb_bg_layout_light\">\n\t\t\t\t\n\t\t\t\t\n\t\t\t\t\n\t\t\t\t\n\t\t\t\t<div class=\"et_pb_text_inner\"><p>Chez Massey Henry, nous sommes toujours \u00e0 la recherche de leaders polyvalents et transformationnels capables d'apporter un large \u00e9ventail de perspectives et d'exp\u00e9riences.<\/p>\n<p>Si vous ne voyez pas de poste qui vous int\u00e9resse actuellement, veuillez consulter \u00e0 nouveau prochainement. Nous mettons fr\u00e9quemment \u00e0 jour notre liste d'opportunit\u00e9s et nous travaillons en \u00e9troite collaboration avec nos clients des services financiers et du secteur public pour identifier des cadres talentueux et de grande valeur.<\/p><\/div>\n\t\t\t<\/div>\n\t\t\t<\/div><div class=\"et_d4_element et_pb_column_2_5 et_pb_column et_pb_column_1  et_pb_css_mix_blend_mode et-last-child et_block_column\">\n\t\t\t\t\n\t\t\t\t\n\t\t\t\t\n\t\t\t\t\n\t\t\t\t<div class=\"et_pb_module et_d4_element et_pb_image et_pb_image_0 et_animated et-waypoint\">\n\t\t\t\t\n\t\t\t\t\n\t\t\t\t\n\t\t\t\t\n\t\t\t\t<span class=\"et_pb_image_wrap\"><img loading=\"lazy\" decoding=\"async\" width=\"617\" height=\"573\" src=\"https:\/\/masseyhenry.com\/wp-content\/uploads\/2021\/04\/Group-483-1.png\" alt=\"\" title=\"Group 483\" srcset=\"https:\/\/masseyhenry.com\/wp-content\/uploads\/2021\/04\/Group-483-1.png 617w, https:\/\/masseyhenry.com\/wp-content\/uploads\/2021\/04\/Group-483-1-480x446.png 480w\" sizes=\"(min-width: 0px) and (max-width: 480px) 480px, (min-width: 481px) 617px, 100vw\" class=\"wp-image-733\" \/><\/span>\n\t\t\t<\/div>\n\t\t\t<\/div>\n\t\t\t\t\n\t\t\t\t\n\t\t\t\t\n\t\t\t\t\n\t\t\t<\/div><div class=\"et_d4_element et_pb_row et_pb_row_1  et_pb_css_mix_blend_mode et_block_row\">\n\t\t\t\t<div class=\"et_d4_element et_pb_column_4_4 et_pb_column et_pb_column_2  et_pb_css_mix_blend_mode et-last-child et_block_column\">\n\t\t\t\t\n\t\t\t\t\n\t\t\t\t\n\t\t\t\t\n\t\t\t\t<div class=\"et_pb_module et_d4_element et_pb_image et_pb_image_1\">\n\t\t\t\t\n\t\t\t\t\n\t\t\t\t\n\t\t\t\t\n\t\t\t\t<span class=\"et_pb_image_wrap\"><img loading=\"lazy\" decoding=\"async\" width=\"617\" height=\"573\" src=\"https:\/\/masseyhenry.com\/wp-content\/uploads\/2021\/04\/Group-483-1.png\" alt=\"\" title=\"Group 483\" srcset=\"https:\/\/masseyhenry.com\/wp-content\/uploads\/2021\/04\/Group-483-1.png 617w, https:\/\/masseyhenry.com\/wp-content\/uploads\/2021\/04\/Group-483-1-480x446.png 480w\" sizes=\"(min-width: 0px) and (max-width: 480px) 480px, (min-width: 481px) 617px, 100vw\" class=\"wp-image-733\" \/><\/span>\n\t\t\t<\/div>\n\t\t\t<\/div>\n\t\t\t\t\n\t\t\t\t\n\t\t\t\t\n\t\t\t\t\n\t\t\t<\/div>\n\t\t\t\t\n\t\t\t\t\n\t\t\t<\/div><div id=\"thrive-embeded\" class=\"et_d4_element et_pb_section et_pb_section_1 et_pb_with_background  et_pb_css_mix_blend_mode et_section_regular et_block_section\" >\n\t\t\t\t\n\t\t\t\t\n\t\t\t\t\n\t\t\t\t\n\t\t\t\t\n\t\t\t\t\n\t\t\t\t<div class=\"et_d4_element et_pb_row et_pb_row_2  et_pb_css_mix_blend_mode et_block_row\">\n\t\t\t\t<div class=\"et_d4_element et_pb_column_4_4 et_pb_column et_pb_column_3  et_pb_css_mix_blend_mode et-last-child et_block_column\">\n\t\t\t\t\n\t\t\t\t\n\t\t\t\t\n\t\t\t\t\n\t\t\t\t<div class=\"et_pb_module et_d4_element et_pb_text et_pb_text_2  et_pb_text_align_left et_pb_bg_layout_light\">\n\t\t\t\t\n\t\t\t\t\n\t\t\t\t\n\t\t\t\t\n\t\t\t\t<div class=\"et_pb_text_inner\"><h1 style=\"text-align: center;\">Automatisez votre parcours professionnel<\/h1>\n<p style=\"text-align: center;\">Create your own Massey Henry candidate profile to join our network of opportunities.<\/p><\/div>\n\t\t\t<\/div>\n\t\t\t<\/div>\n\t\t\t\t\n\t\t\t\t\n\t\t\t\t\n\t\t\t\t\n\t\t\t<\/div><div class=\"et_d4_element et_pb_row et_pb_row_3  et_pb_css_mix_blend_mode et_block_row\">\n\t\t\t\t<div class=\"et_d4_element et_pb_column_4_4 et_pb_column et_pb_column_4  et_pb_css_mix_blend_mode et-last-child et_block_column\">\n\t\t\t\t\n\t\t\t\t\n\t\t\t\t\n\t\t\t\t\n\t\t\t\t<div class=\"et_pb_button_module_wrapper et_pb_button_0_wrapper et_pb_button_alignment_center et_pb_module\">\n\t\t\t\t<a class=\"et_pb_button et_d4_element et_pb_button_0 et_pb_bg_layout_light et_block_module\" href=\"https:\/\/masseyhenry.com\/fr\/contact\/\" target=\"_blank\">Create Your Candidate Profile<\/a>\n\t\t\t<\/div>\n\t\t\t<\/div>\n\t\t\t\t\n\t\t\t\t\n\t\t\t\t\n\t\t\t\t\n\t\t\t<\/div><div class=\"et_d4_element et_pb_row et_pb_row_4  et_pb_css_mix_blend_mode et_block_row\">\n\t\t\t\t<div class=\"et_d4_element et_pb_column_4_4 et_pb_column et_pb_column_5  et_pb_css_mix_blend_mode et-last-child et_block_column\">\n\t\t\t\t\n\t\t\t\t\n\t\t\t\t\n\t\t\t\t\n\t\t\t\t<div class=\"et_pb_module et_d4_element et_pb_text et_pb_text_3 thrive-embeded-inner  et_pb_text_align_center et_pb_bg_layout_light\">\n\t\t\t\t\n\t\t\t\t\n\t\t\t\t\n\t\t\t\t\n\t\t\t\t<div class=\"et_pb_text_inner\"> <iframe loading=\"lazy\" src=\"https:\/\/masseyhenry.thriveapp.ly\" height=\"800\" width=\"1000\" title=\"Iframe Example\"><\/iframe><\/div>\n\t\t\t<\/div>\n\t\t\t<\/div>\n\t\t\t\t\n\t\t\t\t\n\t\t\t\t\n\t\t\t\t\n\t\t\t<\/div>\n\t\t\t\t\n\t\t\t\t\n\t\t\t<\/div><\/p>","protected":false},"excerpt":{"rendered":"","protected":false},"author":5,"featured_media":0,"parent":0,"menu_order":0,"comment_status":"closed","ping_status":"closed","template":"","meta":{"_acf_changed":false,"_et_pb_use_builder":"on","_et_pb_old_content":"","_et_gb_content_width":"","footnotes":""},"class_list":["post-730","page","type-page","status-publish","hentry"],"acf":[],"yoast_head":"<!-- This site is optimized with the Yoast SEO plugin v27.4 - https:\/\/yoast.com\/product\/yoast-seo-wordpress\/ -->\n<title>Executive Job Search in Canada - Massey Henry<\/title>\n<meta name=\"description\" content=\"See current executive job opportunities. Thrive connection live on page.\" \/>\n<meta name=\"robots\" content=\"index, follow, max-snippet:-1, max-image-preview:large, max-video-preview:-1\" \/>\n<link rel=\"canonical\" href=\"https:\/\/masseyhenry.com\/fr\/opportunities\/\" \/>\n<meta property=\"og:locale\" content=\"fr_CA\" \/>\n<meta property=\"og:type\" content=\"article\" \/>\n<meta property=\"og:title\" content=\"Executive Job Search in Canada - Massey Henry\" \/>\n<meta property=\"og:description\" content=\"See current executive job opportunities. Thrive connection live on page.\" \/>\n<meta property=\"og:url\" content=\"https:\/\/masseyhenry.com\/fr\/opportunities\/\" \/>\n<meta property=\"og:site_name\" content=\"Massey Henry\" \/>\n<meta property=\"article:modified_time\" content=\"2025-03-11T16:21:29+00:00\" \/>\n<meta name=\"twitter:card\" content=\"summary_large_image\" \/>\n<meta name=\"twitter:label1\" content=\"Estimation du temps de lecture\" \/>\n\t<meta name=\"twitter:data1\" content=\"3 minutes\" \/>\n<script type=\"application\/ld+json\" class=\"yoast-schema-graph\">{\"@context\":\"https:\\\/\\\/schema.org\",\"@graph\":[{\"@type\":\"WebPage\",\"@id\":\"https:\\\/\\\/masseyhenry.com\\\/opportunities\\\/\",\"url\":\"https:\\\/\\\/masseyhenry.com\\\/opportunities\\\/\",\"name\":\"Executive Job Search in Canada - Massey Henry\",\"isPartOf\":{\"@id\":\"https:\\\/\\\/masseyhenry.com\\\/#website\"},\"datePublished\":\"2021-04-23T18:23:40+00:00\",\"dateModified\":\"2025-03-11T16:21:29+00:00\",\"description\":\"See current executive job opportunities. Thrive connection live on page.\",\"breadcrumb\":{\"@id\":\"https:\\\/\\\/masseyhenry.com\\\/opportunities\\\/#breadcrumb\"},\"inLanguage\":\"fr-CA\",\"potentialAction\":[{\"@type\":\"ReadAction\",\"target\":[\"https:\\\/\\\/masseyhenry.com\\\/opportunities\\\/\"]}]},{\"@type\":\"BreadcrumbList\",\"@id\":\"https:\\\/\\\/masseyhenry.com\\\/opportunities\\\/#breadcrumb\",\"itemListElement\":[{\"@type\":\"ListItem\",\"position\":1,\"name\":\"Home\",\"item\":\"https:\\\/\\\/masseyhenry.com\\\/\"},{\"@type\":\"ListItem\",\"position\":2,\"name\":\"Opportunities\"}]},{\"@type\":\"WebSite\",\"@id\":\"https:\\\/\\\/masseyhenry.com\\\/#website\",\"url\":\"https:\\\/\\\/masseyhenry.com\\\/\",\"name\":\"Massey Henry\",\"description\":\"\",\"potentialAction\":[{\"@type\":\"SearchAction\",\"target\":{\"@type\":\"EntryPoint\",\"urlTemplate\":\"https:\\\/\\\/masseyhenry.com\\\/?s={search_term_string}\"},\"query-input\":{\"@type\":\"PropertyValueSpecification\",\"valueRequired\":true,\"valueName\":\"search_term_string\"}}],\"inLanguage\":\"fr-CA\"}]}<\/script>\n<!-- \/ Yoast SEO plugin. -->","yoast_head_json":{"title":"Executive Job Search in Canada - Massey Henry","description":"See current executive job opportunities. Thrive connection live on page.","robots":{"index":"index","follow":"follow","max-snippet":"max-snippet:-1","max-image-preview":"max-image-preview:large","max-video-preview":"max-video-preview:-1"},"canonical":"https:\/\/masseyhenry.com\/fr\/opportunities\/","og_locale":"fr_CA","og_type":"article","og_title":"Executive Job Search in Canada - Massey Henry","og_description":"See current executive job opportunities. Thrive connection live on page.","og_url":"https:\/\/masseyhenry.com\/fr\/opportunities\/","og_site_name":"Massey Henry","article_modified_time":"2025-03-11T16:21:29+00:00","twitter_card":"summary_large_image","twitter_misc":{"Estimation du temps de lecture":"3 minutes"},"schema":{"@context":"https:\/\/schema.org","@graph":[{"@type":"WebPage","@id":"https:\/\/masseyhenry.com\/opportunities\/","url":"https:\/\/masseyhenry.com\/opportunities\/","name":"Executive Job Search in Canada - Massey Henry","isPartOf":{"@id":"https:\/\/masseyhenry.com\/#website"},"datePublished":"2021-04-23T18:23:40+00:00","dateModified":"2025-03-11T16:21:29+00:00","description":"See current executive job opportunities. Thrive connection live on page.","breadcrumb":{"@id":"https:\/\/masseyhenry.com\/opportunities\/#breadcrumb"},"inLanguage":"fr-CA","potentialAction":[{"@type":"ReadAction","target":["https:\/\/masseyhenry.com\/opportunities\/"]}]},{"@type":"BreadcrumbList","@id":"https:\/\/masseyhenry.com\/opportunities\/#breadcrumb","itemListElement":[{"@type":"ListItem","position":1,"name":"Home","item":"https:\/\/masseyhenry.com\/"},{"@type":"ListItem","position":2,"name":"Opportunities"}]},{"@type":"WebSite","@id":"https:\/\/masseyhenry.com\/#website","url":"https:\/\/masseyhenry.com\/","name":"Massey Henry","description":"","potentialAction":[{"@type":"SearchAction","target":{"@type":"EntryPoint","urlTemplate":"https:\/\/masseyhenry.com\/?s={search_term_string}"},"query-input":{"@type":"PropertyValueSpecification","valueRequired":true,"valueName":"search_term_string"}}],"inLanguage":"fr-CA"}]}},"_links":{"self":[{"href":"https:\/\/masseyhenry.com\/fr\/wp-json\/wp\/v2\/pages\/730","targetHints":{"allow":["GET"]}}],"collection":[{"href":"https:\/\/masseyhenry.com\/fr\/wp-json\/wp\/v2\/pages"}],"about":[{"href":"https:\/\/masseyhenry.com\/fr\/wp-json\/wp\/v2\/types\/page"}],"author":[{"embeddable":true,"href":"https:\/\/masseyhenry.com\/fr\/wp-json\/wp\/v2\/users\/5"}],"replies":[{"embeddable":true,"href":"https:\/\/masseyhenry.com\/fr\/wp-json\/wp\/v2\/comments?post=730"}],"version-history":[{"count":4,"href":"https:\/\/masseyhenry.com\/fr\/wp-json\/wp\/v2\/pages\/730\/revisions"}],"predecessor-version":[{"id":3749,"href":"https:\/\/masseyhenry.com\/fr\/wp-json\/wp\/v2\/pages\/730\/revisions\/3749"}],"wp:attachment":[{"href":"https:\/\/masseyhenry.com\/fr\/wp-json\/wp\/v2\/media?parent=730"}],"curies":[{"name":"wp","href":"https:\/\/api.w.org\/{rel}","templated":true}]}}